{"id":2348,"date":"2017-06-13T16:41:48","date_gmt":"2017-06-13T14:41:48","guid":{"rendered":"https:\/\/www.oakbeardcare.com\/barbers-stores\/"},"modified":"2021-06-09T12:24:57","modified_gmt":"2021-06-09T10:24:57","slug":"barbers-stores","status":"publish","type":"page","link":"https:\/\/www.oakbeardcare.com\/en\/barbers-stores\/","title":{"rendered":"Barbers &#038; Stores"},"content":{"rendered":"<div id=\"pl-2348\"  class=\"panel-layout\" ><div id=\"pg-2348-0\"  class=\"panel-grid panel-no-style\" ><div id=\"pgc-2348-0-0\"  class=\"panel-grid-cell\" ><div id=\"panel-2348-0-0-0\" class=\"so-panel widget widget_sow-editor panel-first-child\" data-index=\"0\" ><div class=\"b60 text-center panel-widget-style panel-widget-style-for-2348-0-0-0\" ><div\n\t\t\t\n\t\t\tclass=\"so-widget-sow-editor so-widget-sow-editor-base\"\n\t\t\t\n\t\t><h3 class=\"widget-title\">Barber &amp; Store Finder<\/h3>\n<div class=\"siteorigin-widget-tinymce textwidget\">\n\t<\/div>\n<\/div><\/div><\/div><div id=\"panel-2348-0-0-1\" class=\"so-panel widget widget_text panel-last-child\" data-index=\"1\" >\t\t\t<div class=\"textwidget\"><style>\r\n\t#wpsl-stores .wpsl-store-thumb {height:45px !important; width:45px !important;}\r\n\t#wpsl-stores, #wpsl-direction-details, #wpsl-gmap {height:600px !important;}\r\n\t#wpsl-gmap .wpsl-info-window {max-width:225px !important;}\r\n\t.wpsl-input label, #wpsl-radius label, #wpsl-category label {width:95px;}\r\n\t#wpsl-search-input  {width:179px;}\r\n<\/style>\r\n<div id=\"wpsl-wrap\" class=\"wpsl-store-below\">\r\n\t<div class=\"wpsl-search wpsl-clearfix wpsl-no-filters\">\r\n\t\t<div id=\"\">\r\n\t\t\t<form autocomplete=\"off\">\r\n\t\t\t<div class=\"d-md-flex\">\r\n<div class=\"text-center align-self-center\"><button style=\"margin: 7px auto; float: none;\" type=\"button\" class=\"btn btn-sm btn-ghost wpsl-icon-direction wpsl-user-activated\">Use current location<\/button><label for=\"wpsl-search-input\" class=\"sr-only\">Your location<\/label><\/div><div class=\"w-100 flex-grow-1\"><input id=\"wpsl-search-input\" style=\"\" type=\"text\" value=\"\" name=\"wpsl-search-input\" placeholder=\"City or ZIP-Code\" aria-required=\"true\"><\/div><div class=\"text-center\"><input id=\"wpsl-search-btn\" class=\"mc-submit\" style=\"margin: 0 auto; float: none;\" type=\"submit\" value=\"Search\"><\/div>\t\t\t<\/div>\r\n\t\t<\/form>\r\n\t\t<\/div>\r\n\t<\/div>\r\n\t<div id=\"wpsl-result-list\">\r\n\t\t<div id=\"wpsl-stores\" >\r\n\t\t\t<ul><\/ul>\r\n\t\t<\/div>\r\n\t\t<div id=\"wpsl-direction-details\">\r\n\t\t\t<ul><\/ul>\r\n\t\t<\/div>\r\n\t<\/div>\r\n\t<div class=\"wpsl-gmap-wrap\">\r\n\t\t<div id=\"wpsl-gmap\" class=\"wpsl-gmap-canvas\"><\/div>\r\n\t<\/div>\r\n<\/div>\r\n\n<\/div>\n\t\t<\/div><\/div><\/div><\/div>","protected":false},"excerpt":{"rendered":"<p class=\"excerpt\">Barber &amp; Store Finder Use current locationYour location<\/p>\n","protected":false},"author":1,"featured_media":0,"parent":0,"menu_order":3,"comment_status":"closed","ping_status":"closed","template":"","meta":{"_acf_changed":false,"footnotes":""},"class_list":["post-2348","page","type-page","status-publish","hentry"],"acf":[],"yoast_head":"<!-- This site is optimized with the Yoast SEO plugin v27.0 - https:\/\/yoast.com\/product\/yoast-seo-wordpress\/ -->\n<title>OAK &#8212; Barbershops und Stores in Deiner N\u00e4he<\/title>\n<meta name=\"description\" content=\"Finde Barbershops und Stores mit den nat\u00fcrlichen Pflege- und Stylingprodukten von OAK direkt in Deiner N\u00e4he.\" \/>\n<meta name=\"robots\" content=\"index, follow, max-snippet:-1, max-image-preview:large, max-video-preview:-1\" \/>\n<link rel=\"canonical\" href=\"https:\/\/www.oakbeardcare.com\/en\/barbers-stores\/\" \/>\n<meta property=\"og:locale\" content=\"en_US\" \/>\n<meta property=\"og:type\" content=\"article\" \/>\n<meta property=\"og:title\" content=\"OAK &#8212; Barbershops und Stores in Deiner N\u00e4he\" \/>\n<meta property=\"og:description\" content=\"Finde Barbershops und Stores mit den nat\u00fcrlichen Pflege- und Stylingprodukten von OAK direkt in Deiner N\u00e4he.\" \/>\n<meta property=\"og:url\" content=\"https:\/\/www.oakbeardcare.com\/en\/barbers-stores\/\" \/>\n<meta property=\"og:site_name\" content=\"OAK\" \/>\n<meta property=\"article:publisher\" content=\"https:\/\/www.facebook.com\/oakbeardcare\" \/>\n<meta property=\"article:modified_time\" content=\"2021-06-09T10:24:57+00:00\" \/>\n<meta name=\"twitter:card\" content=\"summary_large_image\" \/>\n<script type=\"application\/ld+json\" class=\"yoast-schema-graph\">{\"@context\":\"https:\/\/schema.org\",\"@graph\":[{\"@type\":\"WebPage\",\"@id\":\"https:\/\/www.oakbeardcare.com\/en\/barbers-stores\/\",\"url\":\"https:\/\/www.oakbeardcare.com\/en\/barbers-stores\/\",\"name\":\"OAK &#8212; Barbershops und Stores in Deiner N\u00e4he\",\"isPartOf\":{\"@id\":\"https:\/\/www.oakbeardcare.com\/#website\"},\"datePublished\":\"2017-06-13T14:41:48+00:00\",\"dateModified\":\"2021-06-09T10:24:57+00:00\",\"description\":\"Finde Barbershops und Stores mit den nat\u00fcrlichen Pflege- und Stylingprodukten von OAK direkt in Deiner N\u00e4he.\",\"breadcrumb\":{\"@id\":\"https:\/\/www.oakbeardcare.com\/en\/barbers-stores\/#breadcrumb\"},\"inLanguage\":\"en-US\",\"potentialAction\":[{\"@type\":\"ReadAction\",\"target\":[\"https:\/\/www.oakbeardcare.com\/en\/barbers-stores\/\"]}]},{\"@type\":\"BreadcrumbList\",\"@id\":\"https:\/\/www.oakbeardcare.com\/en\/barbers-stores\/#breadcrumb\",\"itemListElement\":[{\"@type\":\"ListItem\",\"position\":1,\"name\":\"Home\",\"item\":\"https:\/\/www.oakbeardcare.com\/en\/\"},{\"@type\":\"ListItem\",\"position\":2,\"name\":\"Barbers &#038; Stores\"}]},{\"@type\":\"WebSite\",\"@id\":\"https:\/\/www.oakbeardcare.com\/#website\",\"url\":\"https:\/\/www.oakbeardcare.com\/\",\"name\":\"OAK\",\"description\":\"Natural Beard Care\",\"publisher\":{\"@id\":\"https:\/\/www.oakbeardcare.com\/#organization\"},\"potentialAction\":[{\"@type\":\"SearchAction\",\"target\":{\"@type\":\"EntryPoint\",\"urlTemplate\":\"https:\/\/www.oakbeardcare.com\/?s={search_term_string}\"},\"query-input\":{\"@type\":\"PropertyValueSpecification\",\"valueRequired\":true,\"valueName\":\"search_term_string\"}}],\"inLanguage\":\"en-US\"},{\"@type\":\"Organization\",\"@id\":\"https:\/\/www.oakbeardcare.com\/#organization\",\"name\":\"OAK Berlin GmbH\",\"url\":\"https:\/\/www.oakbeardcare.com\/\",\"logo\":{\"@type\":\"ImageObject\",\"inLanguage\":\"en-US\",\"@id\":\"https:\/\/www.oakbeardcare.com\/#\/schema\/logo\/image\/\",\"url\":\"https:\/\/www.oakbeardcare.com\/wp-content\/uploads\/2017\/10\/OAK_logo_Stripe.png\",\"contentUrl\":\"https:\/\/www.oakbeardcare.com\/wp-content\/uploads\/2017\/10\/OAK_logo_Stripe.png\",\"width\":128,\"height\":128,\"caption\":\"OAK Berlin GmbH\"},\"image\":{\"@id\":\"https:\/\/www.oakbeardcare.com\/#\/schema\/logo\/image\/\"},\"sameAs\":[\"https:\/\/www.facebook.com\/oakbeardcare\",\"https:\/\/www.instagram.com\/oakbeardcare\/\",\"https:\/\/de.pinterest.com\/oakbeardcare\/\",\"https:\/\/www.youtube.com\/channel\/UCseMZQWLGiscd3O0Ft39HFw\"]}]}<\/script>\n<!-- \/ Yoast SEO plugin. -->","yoast_head_json":{"title":"OAK &#8212; Barbershops und Stores in Deiner N\u00e4he","description":"Finde Barbershops und Stores mit den nat\u00fcrlichen Pflege- und Stylingprodukten von OAK direkt in Deiner N\u00e4he.","robots":{"index":"index","follow":"follow","max-snippet":"max-snippet:-1","max-image-preview":"max-image-preview:large","max-video-preview":"max-video-preview:-1"},"canonical":"https:\/\/www.oakbeardcare.com\/en\/barbers-stores\/","og_locale":"en_US","og_type":"article","og_title":"OAK &#8212; Barbershops und Stores in Deiner N\u00e4he","og_description":"Finde Barbershops und Stores mit den nat\u00fcrlichen Pflege- und Stylingprodukten von OAK direkt in Deiner N\u00e4he.","og_url":"https:\/\/www.oakbeardcare.com\/en\/barbers-stores\/","og_site_name":"OAK","article_publisher":"https:\/\/www.facebook.com\/oakbeardcare","article_modified_time":"2021-06-09T10:24:57+00:00","twitter_card":"summary_large_image","schema":{"@context":"https:\/\/schema.org","@graph":[{"@type":"WebPage","@id":"https:\/\/www.oakbeardcare.com\/en\/barbers-stores\/","url":"https:\/\/www.oakbeardcare.com\/en\/barbers-stores\/","name":"OAK &#8212; Barbershops und Stores in Deiner N\u00e4he","isPartOf":{"@id":"https:\/\/www.oakbeardcare.com\/#website"},"datePublished":"2017-06-13T14:41:48+00:00","dateModified":"2021-06-09T10:24:57+00:00","description":"Finde Barbershops und Stores mit den nat\u00fcrlichen Pflege- und Stylingprodukten von OAK direkt in Deiner N\u00e4he.","breadcrumb":{"@id":"https:\/\/www.oakbeardcare.com\/en\/barbers-stores\/#breadcrumb"},"inLanguage":"en-US","potentialAction":[{"@type":"ReadAction","target":["https:\/\/www.oakbeardcare.com\/en\/barbers-stores\/"]}]},{"@type":"BreadcrumbList","@id":"https:\/\/www.oakbeardcare.com\/en\/barbers-stores\/#breadcrumb","itemListElement":[{"@type":"ListItem","position":1,"name":"Home","item":"https:\/\/www.oakbeardcare.com\/en\/"},{"@type":"ListItem","position":2,"name":"Barbers &#038; Stores"}]},{"@type":"WebSite","@id":"https:\/\/www.oakbeardcare.com\/#website","url":"https:\/\/www.oakbeardcare.com\/","name":"OAK","description":"Natural Beard Care","publisher":{"@id":"https:\/\/www.oakbeardcare.com\/#organization"},"potentialAction":[{"@type":"SearchAction","target":{"@type":"EntryPoint","urlTemplate":"https:\/\/www.oakbeardcare.com\/?s={search_term_string}"},"query-input":{"@type":"PropertyValueSpecification","valueRequired":true,"valueName":"search_term_string"}}],"inLanguage":"en-US"},{"@type":"Organization","@id":"https:\/\/www.oakbeardcare.com\/#organization","name":"OAK Berlin GmbH","url":"https:\/\/www.oakbeardcare.com\/","logo":{"@type":"ImageObject","inLanguage":"en-US","@id":"https:\/\/www.oakbeardcare.com\/#\/schema\/logo\/image\/","url":"https:\/\/www.oakbeardcare.com\/wp-content\/uploads\/2017\/10\/OAK_logo_Stripe.png","contentUrl":"https:\/\/www.oakbeardcare.com\/wp-content\/uploads\/2017\/10\/OAK_logo_Stripe.png","width":128,"height":128,"caption":"OAK Berlin GmbH"},"image":{"@id":"https:\/\/www.oakbeardcare.com\/#\/schema\/logo\/image\/"},"sameAs":["https:\/\/www.facebook.com\/oakbeardcare","https:\/\/www.instagram.com\/oakbeardcare\/","https:\/\/de.pinterest.com\/oakbeardcare\/","https:\/\/www.youtube.com\/channel\/UCseMZQWLGiscd3O0Ft39HFw"]}]}},"_links":{"self":[{"href":"https:\/\/www.oakbeardcare.com\/en\/wp-json\/wp\/v2\/pages\/2348","targetHints":{"allow":["GET"]}}],"collection":[{"href":"https:\/\/www.oakbeardcare.com\/en\/wp-json\/wp\/v2\/pages"}],"about":[{"href":"https:\/\/www.oakbeardcare.com\/en\/wp-json\/wp\/v2\/types\/page"}],"author":[{"embeddable":true,"href":"https:\/\/www.oakbeardcare.com\/en\/wp-json\/wp\/v2\/users\/1"}],"replies":[{"embeddable":true,"href":"https:\/\/www.oakbeardcare.com\/en\/wp-json\/wp\/v2\/comments?post=2348"}],"version-history":[{"count":6,"href":"https:\/\/www.oakbeardcare.com\/en\/wp-json\/wp\/v2\/pages\/2348\/revisions"}],"predecessor-version":[{"id":5748,"href":"https:\/\/www.oakbeardcare.com\/en\/wp-json\/wp\/v2\/pages\/2348\/revisions\/5748"}],"wp:attachment":[{"href":"https:\/\/www.oakbeardcare.com\/en\/wp-json\/wp\/v2\/media?parent=2348"}],"curies":[{"name":"wp","href":"https:\/\/api.w.org\/{rel}","templated":true}]}}